{"id":21799,"date":"2024-11-09T01:13:15","date_gmt":"2024-11-09T01:13:15","guid":{"rendered":"https:\/\/theblackout.mx\/site\/?post_type=product&#038;p=21799"},"modified":"2024-11-09T01:13:15","modified_gmt":"2024-11-09T01:13:15","slug":"barista-para-principiantes","status":"publish","type":"product","link":"https:\/\/theblackout.mx\/site\/product\/barista-para-principiantes\/","title":{"rendered":"Barista para Principiantes"},"content":{"rendered":"<p>El mundo del caf\u00e9 es fascinante y tiene infinitas posibilidades. No solo permite vivir experiencias de sabor con las bebidas, sino que nos sumerge en un sinf\u00edn de vivencias sensoriales mientras nos asombramos con historias detr\u00e1s de cada preparaci\u00f3n.<\/p>\n<p>Bajo la gu\u00eda de\u00a0<strong>Will Mateo Huertas,<\/strong>\u00a0barista profesional hace\u00a0<strong>m\u00e1s de 10 a\u00f1os.<\/strong>\u00a0Para quien el barismo y el bartending, m\u00e1s que su profesi\u00f3n, es su su vocaci\u00f3n y\u00a0<strong>estilo de vida.<\/strong>\u00a0De su mano lograr\u00e1s enamorarte de este maravilloso mundo.<\/p>\n","protected":false},"excerpt":{"rendered":"<p>\u00bfDeseas aprender una nueva habilidad para entretener y deleitar a tus amigos y familiares?<\/p>\n","protected":false},"featured_media":21800,"comment_status":"open","ping_status":"closed","template":"","meta":{"rank_math_lock_modified_date":false},"product_cat":[240],"product_tag":[241],"class_list":{"0":"post-21799","1":"product","2":"type-product","3":"status-publish","4":"has-post-thumbnail","6":"product_cat-cursos","7":"product_tag-barista","9":"first","10":"instock","11":"shipping-taxable","12":"purchasable","13":"product-type-simple"},"_links":{"self":[{"href":"https:\/\/theblackout.mx\/site\/wp-json\/wp\/v2\/product\/21799","targetHints":{"allow":["GET"]}}],"collection":[{"href":"https:\/\/theblackout.mx\/site\/wp-json\/wp\/v2\/product"}],"about":[{"href":"https:\/\/theblackout.mx\/site\/wp-json\/wp\/v2\/types\/product"}],"replies":[{"embeddable":true,"href":"https:\/\/theblackout.mx\/site\/wp-json\/wp\/v2\/comments?post=21799"}],"wp:featuredmedia":[{"embeddable":true,"href":"https:\/\/theblackout.mx\/site\/wp-json\/wp\/v2\/media\/21800"}],"wp:attachment":[{"href":"https:\/\/theblackout.mx\/site\/wp-json\/wp\/v2\/media?parent=21799"}],"wp:term":[{"taxonomy":"product_cat","embeddable":true,"href":"https:\/\/theblackout.mx\/site\/wp-json\/wp\/v2\/product_cat?post=21799"},{"taxonomy":"product_tag","embeddable":true,"href":"https:\/\/theblackout.mx\/site\/wp-json\/wp\/v2\/product_tag?post=21799"}],"curies":[{"name":"wp","href":"https:\/\/api.w.org\/{rel}","templated":true}]}}