{"id":21801,"date":"2024-11-09T01:16:21","date_gmt":"2024-11-09T01:16:21","guid":{"rendered":"https:\/\/theblackout.mx\/site\/?post_type=product&#038;p=21801"},"modified":"2024-11-09T01:16:21","modified_gmt":"2024-11-09T01:16:21","slug":"bartender-para-principiantes","status":"publish","type":"product","link":"https:\/\/theblackout.mx\/site\/product\/bartender-para-principiantes\/","title":{"rendered":"Bartender para Principiantes"},"content":{"rendered":"<p>El mundo de la cocteler\u00eda es fascinante y tiene infinitas posibilidades. No solo permite vivir experiencias de sabor con las bebidas, sino que nos sumerge en un sinf\u00edn de vivencias sensoriales mientras nos asombramos con historias detr\u00e1s de cada preparaci\u00f3n.<\/p>\n<p>Bajo la gu\u00eda de\u00a0<strong>Will Mateo Huertas,<\/strong>\u00a0bartender profesional hace\u00a0<strong>m\u00e1s de 10 a\u00f1os.<\/strong>\u00a0Para quien el bartending, m\u00e1s que su profesi\u00f3n, es su su vocaci\u00f3n y\u00a0<strong>estilo de vida.<\/strong>\u00a0En el 2019 compiti\u00f3 a nivel\u00a0<strong>mundial<\/strong>\u00a0en el World Class, en la cual se seleccionan los mejores bartenders del mundo, y fue seleccionado en el\u00a0<strong>Top 8 de los mejores bartenders a nivel nacional y Top 1 a nivel local.<\/strong>\u00a0De su mano lograr\u00e1s enamorarte de este maravilloso mundo.<\/p>\n","protected":false},"excerpt":{"rendered":"<p>Deseas aprender una nueva habilidad para entretener y deleitar a tus amigos y familiares<\/p>\n","protected":false},"featured_media":21802,"comment_status":"open","ping_status":"closed","template":"","meta":{"rank_math_lock_modified_date":false},"product_cat":[240],"product_tag":[243],"class_list":{"0":"post-21801","1":"product","2":"type-product","3":"status-publish","4":"has-post-thumbnail","6":"product_cat-cursos","7":"product_tag-bartender","9":"first","10":"instock","11":"shipping-taxable","12":"purchasable","13":"product-type-simple"},"_links":{"self":[{"href":"https:\/\/theblackout.mx\/site\/wp-json\/wp\/v2\/product\/21801","targetHints":{"allow":["GET"]}}],"collection":[{"href":"https:\/\/theblackout.mx\/site\/wp-json\/wp\/v2\/product"}],"about":[{"href":"https:\/\/theblackout.mx\/site\/wp-json\/wp\/v2\/types\/product"}],"replies":[{"embeddable":true,"href":"https:\/\/theblackout.mx\/site\/wp-json\/wp\/v2\/comments?post=21801"}],"wp:featuredmedia":[{"embeddable":true,"href":"https:\/\/theblackout.mx\/site\/wp-json\/wp\/v2\/media\/21802"}],"wp:attachment":[{"href":"https:\/\/theblackout.mx\/site\/wp-json\/wp\/v2\/media?parent=21801"}],"wp:term":[{"taxonomy":"product_cat","embeddable":true,"href":"https:\/\/theblackout.mx\/site\/wp-json\/wp\/v2\/product_cat?post=21801"},{"taxonomy":"product_tag","embeddable":true,"href":"https:\/\/theblackout.mx\/site\/wp-json\/wp\/v2\/product_tag?post=21801"}],"curies":[{"name":"wp","href":"https:\/\/api.w.org\/{rel}","templated":true}]}}