{"id":21803,"date":"2024-11-09T01:17:56","date_gmt":"2024-11-09T01:17:56","guid":{"rendered":"https:\/\/theblackout.mx\/site\/?post_type=product&#038;p=21803"},"modified":"2024-11-09T01:17:56","modified_gmt":"2024-11-09T01:17:56","slug":"mocktails-cocteles-sin-licor","status":"publish","type":"product","link":"https:\/\/theblackout.mx\/site\/product\/mocktails-cocteles-sin-licor\/","title":{"rendered":"MOCKTAILS: C\u00d3CTELES SIN LICOR"},"content":{"rendered":"<p>En este curso encontrar\u00e1s un n\u00famero variado de recetas que podr\u00e1s empezar a preparar f\u00e1cilmente desde la comodidad de tu casa, ya que sus ingredientes son muy f\u00e1ciles de conseguir, naturales, bajos en calor\u00edas y deliciosos.<\/p>\n<p>Bajo las instrucciones de Mauricio Rom\u00e1n Tea tender con m\u00e1s de 5 a\u00f1os de experiencia trabajando con la empresa l\u00edder en Colombia del segmento de infusiones de t\u00e9, arom\u00e1ticas y frutales; empezar\u00e1s tu camino para descubrir todas las bondades, sabores y colores que los c\u00f3cteles sin licor tienen para ti. No necesitar\u00e1s tener ning\u00fan conocimiento previo, aqu\u00ed aprender\u00e1s desde cero a preparar cada una de las recetas, tales como: virgin mojito, frutal ginger beer, chai rojo, dulcinea, entre muchos m\u00e1s.<\/p>\n<p>Al finalizar este curso estar\u00e1s listo para deleitar y sorprender a todos tus seres queridos en celebraciones, fiestas o reuniones preparando tus propios c\u00f3cteles, refrescantes, de sabores \u00fanicos y lo mejor de todo sin nada de alcohol.<\/p>\n","protected":false},"excerpt":{"rendered":"<p>\u00bfA la hora de celebrar tus momentos especiales, quieres sorprender a tus invitados con bebidas deliciosas, pero sin alcohol?<\/p>\n","protected":false},"featured_media":21804,"comment_status":"open","ping_status":"closed","template":"","meta":{"rank_math_lock_modified_date":false},"product_cat":[240],"product_tag":[244],"class_list":{"0":"post-21803","1":"product","2":"type-product","3":"status-publish","4":"has-post-thumbnail","6":"product_cat-cursos","7":"product_tag-mocktails","9":"first","10":"instock","11":"shipping-taxable","12":"purchasable","13":"product-type-simple"},"_links":{"self":[{"href":"https:\/\/theblackout.mx\/site\/wp-json\/wp\/v2\/product\/21803","targetHints":{"allow":["GET"]}}],"collection":[{"href":"https:\/\/theblackout.mx\/site\/wp-json\/wp\/v2\/product"}],"about":[{"href":"https:\/\/theblackout.mx\/site\/wp-json\/wp\/v2\/types\/product"}],"replies":[{"embeddable":true,"href":"https:\/\/theblackout.mx\/site\/wp-json\/wp\/v2\/comments?post=21803"}],"wp:featuredmedia":[{"embeddable":true,"href":"https:\/\/theblackout.mx\/site\/wp-json\/wp\/v2\/media\/21804"}],"wp:attachment":[{"href":"https:\/\/theblackout.mx\/site\/wp-json\/wp\/v2\/media?parent=21803"}],"wp:term":[{"taxonomy":"product_cat","embeddable":true,"href":"https:\/\/theblackout.mx\/site\/wp-json\/wp\/v2\/product_cat?post=21803"},{"taxonomy":"product_tag","embeddable":true,"href":"https:\/\/theblackout.mx\/site\/wp-json\/wp\/v2\/product_tag?post=21803"}],"curies":[{"name":"wp","href":"https:\/\/api.w.org\/{rel}","templated":true}]}}