{"id":21805,"date":"2024-11-09T04:41:25","date_gmt":"2024-11-09T04:41:25","guid":{"rendered":"https:\/\/theblackout.mx\/site\/?post_type=product&#038;p=21805"},"modified":"2024-11-09T04:41:25","modified_gmt":"2024-11-09T04:41:25","slug":"cerveza-artesanal-casera","status":"publish","type":"product","link":"https:\/\/theblackout.mx\/site\/product\/cerveza-artesanal-casera\/","title":{"rendered":"CERVEZA ARTESANAL CASERA"},"content":{"rendered":"<p>Bajo la gu\u00eda de\u00a0<strong>Amarga Compa\u00f1\u00eda Cervecer\u00eda Artesanal,<\/strong>\u00a0una nano-cervecer\u00eda de Medell\u00edn \u2013 Colombia, que lleva cuatro a\u00f1os elaborando cerveza artesanal en equipos caseros. Los amargos son los hermanos\u00a0<strong>Alejo, Cata y Juli,<\/strong>\u00a0acompa\u00f1ados por un amigo de la casa,\u00a0<strong>Juan.<\/strong><\/p>\n","protected":false},"excerpt":{"rendered":"<div class=\"jet-listing-grid__item jet-listing-dynamic-post-1682\" data-post-id=\"1682\">\n<div class=\"elementor elementor-2489\" data-elementor-type=\"jet-listing-items\" data-elementor-id=\"2489\" data-elementor-post-type=\"jet-engine\">\n<section class=\"elementor-section elementor-top-section elementor-element elementor-element-ff7e8db elementor-section-boxed elementor-section-height-default elementor-section-height-default\" data-id=\"ff7e8db\" data-element_type=\"section\">\n<div class=\"elementor-container elementor-column-gap-default\">\n<div class=\"elementor-column elementor-col-100 elementor-top-column elementor-element elementor-element-f8b9a68\" data-id=\"f8b9a68\" data-element_type=\"column\">\n<div class=\"elementor-widget-wrap elementor-element-populated\">\n<div class=\"elementor-element elementor-element-eb10182 elementor-widget elementor-widget-jet-listing-dynamic-field\" data-id=\"eb10182\" data-element_type=\"widget\" data-widget_type=\"jet-listing-dynamic-field.default\">\n<div class=\"elementor-widget-container\">\n<div class=\"jet-listing-dynamic-field__content\">\u00bfTe encantar\u00eda deleitar el paladar de tus amigos y familiares con tu propia cerveza hecha en casa?<\/div>\n<\/div>\n<\/div>\n<\/div>\n<\/div>\n<\/div>\n<\/section>\n<\/div>\n<\/div>\n<div class=\"jet-listing-grid__item jet-listing-dynamic-post-1682\" data-post-id=\"1682\">\n<div class=\"elementor elementor-2489\" data-elementor-type=\"jet-listing-items\" data-elementor-id=\"2489\" data-elementor-post-type=\"jet-engine\">\n<section class=\"elementor-section elementor-top-section elementor-element elementor-element-ff7e8db elementor-section-boxed elementor-section-height-default elementor-section-height-default\" data-id=\"ff7e8db\" data-element_type=\"section\">\n<div class=\"elementor-container elementor-column-gap-default\">\n<div class=\"elementor-column elementor-col-100 elementor-top-column elementor-element elementor-element-f8b9a68\" data-id=\"f8b9a68\" data-element_type=\"column\">\n<div class=\"elementor-widget-wrap elementor-element-populated\">\n<div class=\"elementor-element elementor-element-eb10182 elementor-widget elementor-widget-jet-listing-dynamic-field\" data-id=\"eb10182\" data-element_type=\"widget\" data-widget_type=\"jet-listing-dynamic-field.default\">\n<div class=\"elementor-widget-container\"><i class=\"jet-listing-dynamic-field__icon fas fa-check\" aria-hidden=\"true\"><\/i><\/p>\n<div class=\"jet-listing-dynamic-field__content\">\u00bfYa tienes experiencia en gastronom\u00eda y quieres ir a otro nivel cocinando cerveza?<\/div>\n<\/div>\n<\/div>\n<\/div>\n<\/div>\n<\/div>\n<\/section>\n<\/div>\n<\/div>\n<div class=\"jet-listing-grid__item jet-listing-dynamic-post-1682\" data-post-id=\"1682\">\n<div class=\"elementor elementor-2489\" data-elementor-type=\"jet-listing-items\" data-elementor-id=\"2489\" data-elementor-post-type=\"jet-engine\">\n<section class=\"elementor-section elementor-top-section elementor-element elementor-element-ff7e8db elementor-section-boxed elementor-section-height-default elementor-section-height-default\" data-id=\"ff7e8db\" data-element_type=\"section\">\n<div class=\"elementor-container elementor-column-gap-default\">\n<div class=\"elementor-column elementor-col-100 elementor-top-column elementor-element elementor-element-f8b9a68\" data-id=\"f8b9a68\" data-element_type=\"column\">\n<div class=\"elementor-widget-wrap elementor-element-populated\">\n<div class=\"elementor-element elementor-element-eb10182 elementor-widget elementor-widget-jet-listing-dynamic-field\" data-id=\"eb10182\" data-element_type=\"widget\" data-widget_type=\"jet-listing-dynamic-field.default\">\n<div class=\"elementor-widget-container\"><i class=\"jet-listing-dynamic-field__icon fas fa-check\" aria-hidden=\"true\"><\/i><\/p>\n<div class=\"jet-listing-dynamic-field__content\">\u00bfTe encanta jugar con aromas y sabores y vivir nuevas experiencias sensoriales?<\/div>\n<\/div>\n<\/div>\n<\/div>\n<\/div>\n<\/div>\n<\/section>\n<\/div>\n<\/div>\n<div class=\"jet-listing-grid__item jet-listing-dynamic-post-1682\" data-post-id=\"1682\">\n<div class=\"elementor elementor-2489\" data-elementor-type=\"jet-listing-items\" data-elementor-id=\"2489\" data-elementor-post-type=\"jet-engine\">\n<section class=\"elementor-section elementor-top-section elementor-element elementor-element-ff7e8db elementor-section-boxed elementor-section-height-default elementor-section-height-default\" data-id=\"ff7e8db\" data-element_type=\"section\">\n<div class=\"elementor-container elementor-column-gap-default\">\n<div class=\"elementor-column elementor-col-100 elementor-top-column elementor-element elementor-element-f8b9a68\" data-id=\"f8b9a68\" data-element_type=\"column\">\n<div class=\"elementor-widget-wrap elementor-element-populated\">\n<div class=\"elementor-element elementor-element-eb10182 elementor-widget elementor-widget-jet-listing-dynamic-field\" data-id=\"eb10182\" data-element_type=\"widget\" data-widget_type=\"jet-listing-dynamic-field.default\">\n<div class=\"elementor-widget-container\"><\/div>\n<\/div>\n<\/div>\n<\/div>\n<\/div>\n<\/section>\n<\/div>\n<\/div>\n","protected":false},"featured_media":21806,"comment_status":"open","ping_status":"closed","template":"","meta":{"rank_math_lock_modified_date":false},"product_cat":[240],"product_tag":[245],"class_list":{"0":"post-21805","1":"product","2":"type-product","3":"status-publish","4":"has-post-thumbnail","6":"product_cat-cursos","7":"product_tag-cerveza","9":"first","10":"instock","11":"shipping-taxable","12":"purchasable","13":"product-type-simple"},"_links":{"self":[{"href":"https:\/\/theblackout.mx\/site\/wp-json\/wp\/v2\/product\/21805","targetHints":{"allow":["GET"]}}],"collection":[{"href":"https:\/\/theblackout.mx\/site\/wp-json\/wp\/v2\/product"}],"about":[{"href":"https:\/\/theblackout.mx\/site\/wp-json\/wp\/v2\/types\/product"}],"replies":[{"embeddable":true,"href":"https:\/\/theblackout.mx\/site\/wp-json\/wp\/v2\/comments?post=21805"}],"wp:featuredmedia":[{"embeddable":true,"href":"https:\/\/theblackout.mx\/site\/wp-json\/wp\/v2\/media\/21806"}],"wp:attachment":[{"href":"https:\/\/theblackout.mx\/site\/wp-json\/wp\/v2\/media?parent=21805"}],"wp:term":[{"taxonomy":"product_cat","embeddable":true,"href":"https:\/\/theblackout.mx\/site\/wp-json\/wp\/v2\/product_cat?post=21805"},{"taxonomy":"product_tag","embeddable":true,"href":"https:\/\/theblackout.mx\/site\/wp-json\/wp\/v2\/product_tag?post=21805"}],"curies":[{"name":"wp","href":"https:\/\/api.w.org\/{rel}","templated":true}]}}